{"id":23,"date":"2018-05-24T03:25:04","date_gmt":"2018-05-24T03:25:04","guid":{"rendered":"http:\/\/localhost\/?page_id=23"},"modified":"2018-06-30T15:42:12","modified_gmt":"2018-06-30T15:42:12","slug":"hardware-design","status":"publish","type":"page","link":"https:\/\/bauercontrols.com\/es\/capabilities\/hardware-design\/","title":{"rendered":"Dise\u00f1o de Hardware"},"content":{"rendered":"","protected":false},"excerpt":{"rendered":"<p>Hardware comercial com\u00fan que baja los costos del sistema y su mantenimiento, d\u00e1ndole libertad para escoger. Adem\u00e1s, podemos dise\u00f1ar y construir tarjetas personalizadas para sus aplicaciones espec\u00edficas.<\/p>\n","protected":false},"author":5,"featured_media":0,"parent":8,"menu_order":0,"comment_status":"closed","ping_status":"closed","template":"","meta":{"footnotes":""},"translation":{"provider":"WPGlobus","version":"3.0.0","language":"es","enabled_languages":["en","es","de","zh"],"languages":{"en":{"title":true,"content":false,"excerpt":true},"es":{"title":true,"content":false,"excerpt":true},"de":{"title":true,"content":false,"excerpt":true},"zh":{"title":true,"content":true,"excerpt":true}}},"yoast_head":"<!-- This site is optimized with the Yoast SEO plugin v19.13 - https:\/\/yoast.com\/wordpress\/plugins\/seo\/ -->\r\n<title>Dise\u00f1o de Hardware - Controles Bauer<\/title>\r\n<meta name=\"robots\" content=\"index, follow, max-snippet:-1, max-image-preview:large, max-video-preview:-1\" \/>\r\n<link rel=\"canonical\" href=\"https:\/\/bauercontrols.com\/zh\/capabilities\/hardware-design\/\" \/>\r\n<meta property=\"og:locale\" content=\"es_ES\" \/>\r\n<meta property=\"og:type\" content=\"article\" \/>\r\n<meta property=\"og:title\" content=\"Dise\u00f1o de Hardware - Controles Bauer\" \/>\r\n<meta property=\"og:url\" content=\"https:\/\/bauercontrols.com\/zh\/capabilities\/hardware-design\/\" \/>\r\n<meta property=\"og:site_name\" content=\"Controles Bauer\" \/>\r\n<meta property=\"article:modified_time\" content=\"2018-06-30T15:42:12+00:00\" \/>\r\n<meta name=\"twitter:card\" content=\"summary_large_image\" \/>\r\n<script type=\"application\/ld+json\" class=\"yoast-schema-graph\">{\"@context\":\"https:\/\/schema.org\",\"@graph\":[{\"@type\":\"WebPage\",\"@id\":\"https:\/\/bauercontrols.com\/zh\/capabilities\/hardware-design\/\",\"url\":\"https:\/\/bauercontrols.com\/zh\/capabilities\/hardware-design\/\",\"name\":\"Dise\u00f1o de Hardware - Controles Bauer\",\"isPartOf\":{\"@id\":\"https:\/\/bauercontrols.com\/#website\"},\"datePublished\":\"2018-05-24T03:25:04+00:00\",\"dateModified\":\"2018-06-30T15:42:12+00:00\",\"description\":\"Bauer Controls specializes in test control, data analysis and reporting for end-of-line and in-process manufacturing applications.\",\"breadcrumb\":{\"@id\":\"https:\/\/bauercontrols.com\/zh\/capabilities\/hardware-design\/#breadcrumb\"},\"inLanguage\":\"es-ES\",\"potentialAction\":[{\"@type\":\"ReadAction\",\"target\":[\"https:\/\/bauercontrols.com\/zh\/capabilities\/hardware-design\/\"]}]},{\"@type\":\"BreadcrumbList\",\"@id\":\"https:\/\/bauercontrols.com\/zh\/capabilities\/hardware-design\/#breadcrumb\",\"itemListElement\":[{\"@type\":\"ListItem\",\"position\":1,\"name\":\"Home\",\"item\":\"https:\/\/bauercontrols.com\/\"},{\"@type\":\"ListItem\",\"position\":2,\"name\":\"\u4e3b\u8981\u4e1a\u52a1\",\"item\":\"https:\/\/bauercontrols.com\/zh\/capabilities\/\"},{\"@type\":\"ListItem\",\"position\":3,\"name\":\"\u786c\u4ef6\u8bbe\u8ba1\"}]},{\"@type\":\"WebSite\",\"@id\":\"https:\/\/bauercontrols.com\/#website\",\"url\":\"https:\/\/bauercontrols.com\/\",\"name\":\"Controles Bauer\",\"description\":\"Control de pruebas, adquisici\u00f3n de datos y reporting\",\"potentialAction\":[{\"@type\":\"SearchAction\",\"target\":{\"@type\":\"EntryPoint\",\"urlTemplate\":\"https:\/\/bauercontrols.com\/?s={search_term_string}\"},\"query-input\":\"required name=search_term_string\"}],\"inLanguage\":\"es-ES\"}]}<\/script>\r\n<!-- \/ Yoast SEO plugin. -->","yoast_head_json":{"title":"Dise\u00f1o de Hardware - Controles Bauer","robots":{"index":"index","follow":"follow","max-snippet":"max-snippet:-1","max-image-preview":"max-image-preview:large","max-video-preview":"max-video-preview:-1"},"canonical":"https:\/\/bauercontrols.com\/zh\/capabilities\/hardware-design\/","og_locale":"es_ES","og_type":"article","og_title":"Dise\u00f1o de Hardware - Controles Bauer","og_url":"https:\/\/bauercontrols.com\/zh\/capabilities\/hardware-design\/","og_site_name":"Controles Bauer","article_modified_time":"2018-06-30T15:42:12+00:00","twitter_card":"summary_large_image","schema":{"@context":"https:\/\/schema.org","@graph":[{"@type":"WebPage","@id":"https:\/\/bauercontrols.com\/zh\/capabilities\/hardware-design\/","url":"https:\/\/bauercontrols.com\/zh\/capabilities\/hardware-design\/","name":"Dise\u00f1o de Hardware - Controles Bauer","isPartOf":{"@id":"https:\/\/bauercontrols.com\/#website"},"datePublished":"2018-05-24T03:25:04+00:00","dateModified":"2018-06-30T15:42:12+00:00","description":"Bauer Controls specializes in test control, data analysis and reporting for end-of-line and in-process manufacturing applications.","breadcrumb":{"@id":"https:\/\/bauercontrols.com\/zh\/capabilities\/hardware-design\/#breadcrumb"},"inLanguage":"es-ES","potentialAction":[{"@type":"ReadAction","target":["https:\/\/bauercontrols.com\/zh\/capabilities\/hardware-design\/"]}]},{"@type":"BreadcrumbList","@id":"https:\/\/bauercontrols.com\/zh\/capabilities\/hardware-design\/#breadcrumb","itemListElement":[{"@type":"ListItem","position":1,"name":"Home","item":"https:\/\/bauercontrols.com\/"},{"@type":"ListItem","position":2,"name":"\u4e3b\u8981\u4e1a\u52a1","item":"https:\/\/bauercontrols.com\/zh\/capabilities\/"},{"@type":"ListItem","position":3,"name":"\u786c\u4ef6\u8bbe\u8ba1"}]},{"@type":"WebSite","@id":"https:\/\/bauercontrols.com\/#website","url":"https:\/\/bauercontrols.com\/","name":"Controles Bauer","description":"Control de pruebas, adquisici\u00f3n de datos y reporting","potentialAction":[{"@type":"SearchAction","target":{"@type":"EntryPoint","urlTemplate":"https:\/\/bauercontrols.com\/?s={search_term_string}"},"query-input":"required name=search_term_string"}],"inLanguage":"es-ES"}]}},"_links":{"self":[{"href":"https:\/\/bauercontrols.com\/es\/wp-json\/wp\/v2\/pages\/23"}],"collection":[{"href":"https:\/\/bauercontrols.com\/es\/wp-json\/wp\/v2\/pages"}],"about":[{"href":"https:\/\/bauercontrols.com\/es\/wp-json\/wp\/v2\/types\/page"}],"author":[{"embeddable":true,"href":"https:\/\/bauercontrols.com\/es\/wp-json\/wp\/v2\/users\/5"}],"replies":[{"embeddable":true,"href":"https:\/\/bauercontrols.com\/es\/wp-json\/wp\/v2\/comments?post=23"}],"version-history":[{"count":27,"href":"https:\/\/bauercontrols.com\/es\/wp-json\/wp\/v2\/pages\/23\/revisions"}],"predecessor-version":[{"id":1136,"href":"https:\/\/bauercontrols.com\/es\/wp-json\/wp\/v2\/pages\/23\/revisions\/1136"}],"up":[{"embeddable":true,"href":"https:\/\/bauercontrols.com\/es\/wp-json\/wp\/v2\/pages\/8"}],"wp:attachment":[{"href":"https:\/\/bauercontrols.com\/es\/wp-json\/wp\/v2\/media?parent=23"}],"curies":[{"name":"wp","href":"https:\/\/api.w.org\/{rel}","templated":true}]}}